{"id":421,"date":"2025-11-07T20:30:51","date_gmt":"2025-11-07T19:30:51","guid":{"rendered":"https:\/\/o-court-pattes.fr\/?page_id=421"},"modified":"2025-11-23T23:20:03","modified_gmt":"2025-11-23T22:20:03","slug":"salon-toilettage-canin-sanvignes-montceau","status":"publish","type":"page","link":"https:\/\/o-court-pattes.fr\/","title":{"rendered":"Accueil"},"content":{"rendered":"\t\t<div data-elementor-type=\"wp-page\" data-elementor-id=\"421\" class=\"elementor elementor-421\">\n\t\t\t\t<div class=\"elementor-element elementor-element-657bfbfd e-flex e-con-boxed e-con e-parent\" data-id=\"657bfbfd\" data-element_type=\"container\">\n\t\t\t\t\t<div class=\"e-con-inner\">\n\t\t\t\t<div class=\"elementor-element elementor-element-bd30641 elementor-widget elementor-widget-text-editor\" data-id=\"bd30641\" data-element_type=\"widget\" data-widget_type=\"text-editor.default\">\n\t\t\t\t\t\t\t\t\t<!DOCTYPE html>\n<html lang=\"fr\">\n<head>\n    <meta charset=\"UTF-8\">\n    <meta name=\"viewport\" content=\"width=device-width, initial-scale=1.0\">\n    <title>L&rsquo;Exp\u00e9rience Toilettage Canine d&rsquo;Excellence<\/title>\n    \n    <style>\n        \/* -------------------------------------- *\/\n        \/* CSS G\u00c9N\u00c9RAL ET CLASSES DE BASE (Monopage Color\u00e9) *\/\n        \/* -------------------------------------- *\/\n        body {\n            \/* --- Image de fond pour toute la page --- *\/\n            background-image: url('http:\/\/o-court-pattes.fr\/wp-content\/uploads\/2025\/11\/Gemini_Generated_Image_smagcysmagcysmag.png');\n            background-size: cover; \n            background-position: center center; \n            background-repeat: no-repeat; \n            background-attachment: fixed; \n\n            background-color: #F7F5E9; \n            font-family: 'Segoe UI', 'Roboto', 'Helvetica Neue', sans-serif;\n            color: #333; \n            margin: 0;\n            padding: 0;\n            line-height: 1.6;\n        }\n        .ocp-container {\n            max-width: 1200px;\n            margin: 0 auto;\n            padding: 0 15px;\n            overflow-x: hidden;\n        }\n\n        \/* --- SECTION PRINCIPALE (HERO) --- *\/\n        .ocp-hero {\n            background-color: transparent; \/* Rendu transparent pour voir l'image du body *\/\n            color: #F7F5E9;\n            padding: 100px 20px 150px 20px;\n            text-align: center;\n            border-bottom-left-radius: 20px;\n            border-bottom-right-radius: 20px;\n            position: relative;\n            box-shadow: 0 8px 25px rgba(0, 0, 0, 0.25);\n            margin-bottom: 0;\n            background-image: none; \n        }\n        \/* Calque sombre sur l'image de fond pour am\u00e9liorer la lisibilit\u00e9 du texte *\/\n        .ocp-hero::before {\n            content: '';\n            position: absolute;\n            top: 0;\n            left: 0;\n            right: 0;\n            bottom: 0;\n            \/* Calque sombre couvrant l'arri\u00e8re-plan de cette section *\/\n            background-color: rgba(26, 67, 99, 0.85); \/* L\u00e9g\u00e8rement plus opaque *\/\n            border-bottom-left-radius: 20px;\n            border-bottom-right-radius: 20px;\n            z-index: 0;\n        }\n        .ocp-hero h1, .ocp-hero p, .ocp-hero .ocp-cta-button, .ocp-hero div {\n            position: relative;\n            z-index: 1; \/* Assure que le contenu est bien au-dessus du calque sombre *\/\n        }\n        \n        \/* STYLE DU TITRE H1 (FOND NON-TRANSPARENT) *\/\n        .ocp-hero h1 {\n            font-size: 3.5em;\n            font-weight: 800;\n            \n            display: inline-block; \n            \/* Nouvelle couleur de fond pour le titre (un peu plus claire que le calque) *\/\n            background-color: #1A4363; \n            padding: 10px 20px; \n            border-radius: 5px; \n            \n            \/* Changement de la couleur du texte du titre pour maximiser le contraste *\/\n            color: #FFD260; \n            \n            border-bottom: 4px solid #FFD260; \n            padding-bottom: 8px; \n            margin-bottom: 25px; \n        }\n        \n        .ocp-hero p {\n            font-size: 1.4em;\n            max-width: 750px;\n            margin: 0 auto 40px auto;\n            color: #F7F5E9; \/* Couleur du texte du paragraphe en blanc *\/\n        }\n\n        \/* --- CARTES DE CARACT\u00c9RISTIQUES (Superpos\u00e9es) --- *\/\n        .ocp-features {\n            display: flex;\n            flex-wrap: wrap;\n            gap: 30px;\n            padding: 0;\n            justify-content: center;\n            margin-top: -80px;\n            position: relative;\n            z-index: 10;\n        }\n        .ocp-feature-card {\n            background-color: rgba(255, 255, 255, 0.9); \n            border-radius: 12px;\n            padding: 30px;\n            width: 300px;\n            box-shadow: 0 12px 35px rgba(0, 0, 0, 0.2);\n            border: 3px solid #FFD260;\n            text-align: center;\n            transition: transform 0.3s;\n            display: flex;\n            flex-direction: column;\n            justify-content: center;\n            align-items: center;\n            min-height: 180px; \n        }\n        .ocp-feature-card h3 {\n            color: #1A4363; \n            font-size: 1.7em;\n            margin-top: 5px;\n            font-weight: 800;\n            margin-bottom: 0; \n        }\n        .ocp-feature-card p {\n            font-size: 1em;\n            color: #444; \n            margin-top: 10px;\n        }\n\n        \/* --- BLOCS D'INFORMATION G\u00c9N\u00c9RAUX --- *\/\n        .ocp-section-block {\n            padding: 70px 0;\n            background-color: rgba(255, 255, 255, 0.85); \n            box-shadow: 0 0 15px rgba(0, 0, 0, 0.05);\n            margin-top: 40px;\n            border-radius: 12px;\n        }\n        .ocp-section-block h2 {\n            color: #1A4363;\n            font-size: 2.5em;\n            text-align: center;\n            border-bottom: 4px solid #FFD260;\n            display: inline-block;\n            padding-bottom: 8px;\n            margin: 0 auto 50px auto;\n            display: block;\n            width: fit-content;\n            font-weight: 700;\n        }\n        .ocp-flex-content {\n            display: flex;\n            flex-wrap: wrap;\n            gap: 50px;\n            align-items: center;\n            justify-content: center;\n            padding: 0 20px;\n        }\n        .ocp-text-col {\n            flex: 1;\n            min-width: 350px;\n        }\n        .ocp-image-col {\n            flex-basis: 350px;\n            max-width: 400px;\n            flex-shrink: 0;\n        }\n        .ocp-image-col img {\n            max-width: 100%;\n            height: auto;\n            border-radius: 12px;\n            box-shadow: 0 8px 25px rgba(0, 0, 0, 0.15);\n        }\n        .ocp-text-col p {\n            font-size: 1.1em;\n            color: #333; \n        }\n\n        \/* --- STYLES DES PUCES MODERNES --- *\/\n        .ocp-modern-list {\n            list-style: none; \n            padding: 0;\n            margin-top: 20px;\n        }\n        .ocp-modern-list li {\n            position: relative;\n            padding-left: 30px; \n            margin-bottom: 12px;\n            font-size: 1.05em;\n            color: #333; \n            font-weight: 600; \n        }\n        .ocp-modern-list li::before {\n            content: '\u2666'; \n            position: absolute;\n            left: 0;\n            top: 0;\n            font-size: 1.2em; \n            line-height: 1.6;\n            color: #FFD260; \n            font-weight: 900;\n            text-shadow: 1px 1px 0 #1A4363; \n        }\n\n        \/* --- BLOC APPEL \u00c0 L'ACTION FINAL (Accent Jaune) --- *\/\n        .ocp-final-cta {\n            background-color: #FFD260;\n            color: #1A4363;\n            padding: 60px;\n            border-radius: 12px;\n            text-align: center;\n            margin: 60px 0;\n            box-shadow: 0 8px 25px rgba(255, 210, 96, 0.5);\n        }\n        .ocp-final-cta h2 {\n            color: #1A4363;\n            border-bottom: none;\n            font-size: 2.8em;\n            margin-bottom: 25px;\n            font-weight: 900;\n        }\n        .ocp-final-cta p {\n            font-weight: 600;\n        }\n\n        \/* --- BOUTON CTA G\u00c9N\u00c9RAL --- *\/\n        .ocp-cta-button {\n            display: inline-block;\n            background-color: #1A4363;\n            color: #FFD260;\n            padding: 20px 55px;\n            text-decoration: none;\n            border-radius: 50px;\n            font-weight: 700;\n            font-size: 1.5em;\n            box-shadow: 0 4px 15px rgba(0, 0, 0, 0.4);\n            transition: background-color 0.3s, transform 0.2s, box-shadow 0.3s;\n            border: none;\n            letter-spacing: 1px;\n        }\n        .ocp-cta-button:hover {\n            background-color: #3d6a91;\n            color: #FFD260;\n            transform: scale(1.05);\n        }\n\n        \/* --- FOOTER (Bas de Page) --- *\/\n        .ocp-footer {\n            background-color: #1A4363;\n            color: #F7F5E9;\n            text-align: center;\n            padding: 35px 0;\n            margin-top: 0;\n        }\n        .ocp-footer a {\n            color: #FFD260;\n            text-decoration: none;\n        }\n        \/* Media Query pour mobile *\/\n        @media (max-width: 600px) {\n            .ocp-hero h1 {\n                font-size: 2.5em;\n                padding: 5px 10px; \n            }\n            .ocp-feature-card {\n                width: 100%;\n            }\n            .ocp-text-col, .ocp-image-col {\n                min-width: 100%;\n            }\n            .ocp-final-cta h2 {\n                font-size: 2em;\n            }\n        }\n    <\/style>\n<\/head>\n<body>\n    <div class=\"ocp-container\">\n\n        <section class=\"ocp-hero\">\n            <div style=\"position: relative; z-index: 1;\">\n                <h1>Toilettage Canin  \u00e0 Sanvignes<\/h1>\n                <p>\n                    Chez O&rsquo;Court&rsquo;Pattes, chaque chien re\u00e7oit un soin unique, orchestr\u00e9 par une <strong>passion h\u00e9rit\u00e9e<\/strong> et une <strong>douceur in\u00e9gal\u00e9e<\/strong> \u00e0 Sanvignes.\n                <\/p>\n                <a class=\"ocp-cta-button\" style=\"background-color: #FFD260; color: #1A4363; box-shadow: 0 4px 15px rgba(255, 210, 96, 0.8);\" href=\"tel:0699700509\">\n                    Appelez-nous pour prendre rendez-vous \u2192\n                <\/a>\n            <\/div>\n        <\/section>\n        \n        <section class=\"ocp-features\">\n            <div class=\"ocp-feature-card\">\n                <h3>Z\u00c9RO STRESS GARANTI<\/h3>\n            <\/div>\n            \n            <div class=\"ocp-feature-card\">\n                <h3>SAVOIR-FAIRE ARTISANAL<\/h3>\n            <\/div>\n            \n            <div class=\"ocp-feature-card\">\n                <h3>AMOUR INCONDITIONNEL<\/h3>\n            <\/div>\n        <\/section>\n        \n        <section class=\"ocp-section-block\">\n            <h2>L&rsquo;Ombre et la Tendresse dans l&rsquo;\u0153uvre d&rsquo;une toilette<\/h2>\n            <div class=\"ocp-flex-content\">\n                <div class=\"ocp-text-col\">\n                    <p style=\"font-weight: bold; color: #1A4363;\">Finis les toilettages \u00e0 la cha\u00eene. Ici, le soin est personnalis\u00e9, le geste est pr\u00e9cis et la douceur est notre priorit\u00e9 absolue.<\/p>\n                    <p>\n                        En choisissant O&rsquo;Court&rsquo;Pattes, vous optez pour la qualit\u00e9 d&rsquo;une professionnelle passionn\u00e9e. Toujours tourn\u00e9e vers la nature, avec <strong>patience et douceur<\/strong>, nous mettons en valeur votre loulou. **L&rsquo;animal devient le miroir de l&rsquo;humain**, porteur d&rsquo;affect et de myst\u00e8re. Nous ne nous contentons pas de couper; nous <strong>sublimons<\/strong> le pelage de votre chien avec des produits adapt\u00e9s et des techniques \u00e9prouv\u00e9es, h\u00e9rit\u00e9es d&rsquo;une longue tradition d&rsquo;excellence. \n                    <\/p>\n                    \n                    <ul class=\"ocp-modern-list\">\n                        <li>Coupes Signature aux ciseaux et techniques manuelles.<\/li>\n                        <li>Soin complet du coussinet \u00e0 la truffe.<\/li>\n                        <li>R\u00e9sultat visible : un poil brillant et un chien d\u00e9tendu.<\/li>\n                    <\/ul>\n                    \n                <\/div>\n                <div class=\"ocp-image-col\">\n                    <img decoding=\"async\" src=\"http:\/\/o-court-pattes.fr\/wp-content\/uploads\/2025\/11\/Gemini_Generated_Image_irqsceirqsceirqs.png\" alt=\"Photo de la toiletteuse travaillant avec un chien\" \/>\n                <\/div>\n            <\/div>\n        <\/section>\n\n        <section class=\"ocp-final-cta\">\n            <h2>Le Moment Est Venu d&rsquo;Offrir Cette Douceur<\/h2>\n            <p style=\"font-size: 1.4em; max-width: 800px; margin: 20px auto 30px auto;\">\n                Votre chien vous fait confiance. Faites-nous confiance pour en prendre soin.\n            <\/p>\n            <a class=\"ocp-cta-button\" href=\"tel:0699700509\">\n                Appelez-nous pour prendre rendez-vous \u2192\n            <\/a>\n        <\/section>\n\n    <\/div>\n\n    <footer class=\"ocp-footer\">\n        <div class=\"ocp-container\">\n            <p style=\"font-weight: bold; font-size: 1.1em;\">O&rsquo;COURT&rsquo;PATTES | Le sp\u00e9cialiste du toilettage canin \u00e0 Sanvignes<\/p>\n            <p>3 Bis Rue L\u00e9on Blum, 71410 Sanvignes-les-Mines<\/p>\n            <p>T\u00e9l\u00e9phone : <a href=\"tel:0699700509\">06 99 70 05 09<\/a><\/p>\n            <p style=\"margin-top: 15px;\">\u00a9 2025 O&rsquo;Court&rsquo;Pattes. Tous droits r\u00e9serv\u00e9s.<\/p>\n        <\/div>\n    <\/footer>\n<\/body>\n<\/html>\t\t\t\t\t\t\t\t<\/div>\n\t\t\t\t\t<\/div>\n\t\t\t\t<\/div>\n\t\t\t\t<\/div>\n\t\t","protected":false},"excerpt":{"rendered":"<p>L&rsquo;Exp\u00e9rience Toilettage Canine d&rsquo;Excellence Toilettage Canin \u00e0 Sanvignes Chez O&rsquo;Court&rsquo;Pattes, chaque chien re\u00e7oit un soin unique, orchestr\u00e9 par une passion h\u00e9rit\u00e9e et une douceur in\u00e9gal\u00e9e \u00e0 Sanvignes. Appelez-nous pour prendre rendez-vous \u2192 Z\u00c9RO STRESS GARANTI SAVOIR-FAIRE ARTISANAL AMOUR INCONDITIONNEL L&rsquo;Ombre et la Tendresse dans l&rsquo;\u0153uvre d&rsquo;une toilette Finis les toilettages \u00e0 la cha\u00eene. Ici, le&hellip;&nbsp;<a href=\"https:\/\/o-court-pattes.fr\/\" rel=\"bookmark\"><span class=\"screen-reader-text\">Accueil<\/span><\/a><\/p>\n","protected":false},"author":1,"featured_media":0,"parent":0,"menu_order":0,"comment_status":"closed","ping_status":"closed","template":"","meta":{"neve_meta_sidebar":"","neve_meta_container":"","neve_meta_enable_content_width":"","neve_meta_content_width":0,"neve_meta_title_alignment":"","neve_meta_author_avatar":"","neve_post_elements_order":"","neve_meta_disable_header":"","neve_meta_disable_footer":"","neve_meta_disable_title":"","_themeisle_gutenberg_block_has_review":false,"footnotes":""},"class_list":["post-421","page","type-page","status-publish","hentry"],"yoast_head":"<!-- This site is optimized with the Yoast SEO plugin v26.3 - https:\/\/yoast.com\/wordpress\/plugins\/seo\/ -->\n<title>O&#039;Court&#039;Pattes : Votre Salon de Toilettage Canin \u00e0 Sanvignes-les-Mines pr\u00e8s de Montceau-les-Mines<\/title>\n<meta name=\"description\" content=\"O&#039;Court&#039;Pattes : votre salon de toilettage canin. Services de coupe, bain et soins pour animaux pr\u00e8s de Montceau-les-Mines. R\u00e9servez en ligne pour des pattes et un poil impeccables !\" \/>\n<meta name=\"robots\" content=\"index, follow, max-snippet:-1, max-image-preview:large, max-video-preview:-1\" \/>\n<link rel=\"canonical\" href=\"https:\/\/o-court-pattes.fr\/\" \/>\n<meta property=\"og:locale\" content=\"fr_FR\" \/>\n<meta property=\"og:type\" content=\"article\" \/>\n<meta property=\"og:title\" content=\"O&#039;Court&#039;Pattes : Votre Salon de Toilettage Canin \u00e0 Sanvignes-les-Mines pr\u00e8s de Montceau-les-Mines\" \/>\n<meta property=\"og:description\" content=\"O&#039;Court&#039;Pattes : votre salon de toilettage canin. Services de coupe, bain et soins pour animaux pr\u00e8s de Montceau-les-Mines. R\u00e9servez en ligne pour des pattes et un poil impeccables !\" \/>\n<meta property=\"og:url\" content=\"https:\/\/o-court-pattes.fr\/\" \/>\n<meta property=\"og:site_name\" content=\"O&#039;Court&#039;Pattes : Salon de Toilettage pr\u00e8s de Montceau-Les-Mines\" \/>\n<meta property=\"article:modified_time\" content=\"2025-11-23T22:20:03+00:00\" \/>\n<meta property=\"og:image\" content=\"http:\/\/o-court-pattes.fr\/wp-content\/uploads\/2025\/11\/Gemini_Generated_Image_irqsceirqsceirqs.png\" \/>\n<meta name=\"twitter:card\" content=\"summary_large_image\" \/>\n<meta name=\"twitter:label1\" content=\"Dur\u00e9e de lecture estim\u00e9e\" \/>\n\t<meta name=\"twitter:data1\" content=\"2 minutes\" \/>\n<script type=\"application\/ld+json\" class=\"yoast-schema-graph\">{\"@context\":\"https:\/\/schema.org\",\"@graph\":[{\"@type\":\"WebPage\",\"@id\":\"https:\/\/o-court-pattes.fr\/\",\"url\":\"https:\/\/o-court-pattes.fr\/\",\"name\":\"O'Court'Pattes : Votre Salon de Toilettage Canin \u00e0 Sanvignes-les-Mines pr\u00e8s de Montceau-les-Mines\",\"isPartOf\":{\"@id\":\"https:\/\/o-court-pattes.fr\/#website\"},\"primaryImageOfPage\":{\"@id\":\"https:\/\/o-court-pattes.fr\/#primaryimage\"},\"image\":{\"@id\":\"https:\/\/o-court-pattes.fr\/#primaryimage\"},\"thumbnailUrl\":\"http:\/\/o-court-pattes.fr\/wp-content\/uploads\/2025\/11\/Gemini_Generated_Image_irqsceirqsceirqs.png\",\"datePublished\":\"2025-11-07T19:30:51+00:00\",\"dateModified\":\"2025-11-23T22:20:03+00:00\",\"description\":\"O'Court'Pattes : votre salon de toilettage canin. Services de coupe, bain et soins pour animaux pr\u00e8s de Montceau-les-Mines. R\u00e9servez en ligne pour des pattes et un poil impeccables !\",\"breadcrumb\":{\"@id\":\"https:\/\/o-court-pattes.fr\/#breadcrumb\"},\"inLanguage\":\"fr-FR\",\"potentialAction\":[{\"@type\":\"ReadAction\",\"target\":[\"https:\/\/o-court-pattes.fr\/\"]}]},{\"@type\":\"ImageObject\",\"inLanguage\":\"fr-FR\",\"@id\":\"https:\/\/o-court-pattes.fr\/#primaryimage\",\"url\":\"http:\/\/o-court-pattes.fr\/wp-content\/uploads\/2025\/11\/Gemini_Generated_Image_irqsceirqsceirqs.png\",\"contentUrl\":\"http:\/\/o-court-pattes.fr\/wp-content\/uploads\/2025\/11\/Gemini_Generated_Image_irqsceirqsceirqs.png\"},{\"@type\":\"BreadcrumbList\",\"@id\":\"https:\/\/o-court-pattes.fr\/#breadcrumb\",\"itemListElement\":[{\"@type\":\"ListItem\",\"position\":1,\"name\":\"Accueil\",\"item\":\"https:\/\/o-court-pattes.fr\/\"},{\"@type\":\"ListItem\",\"position\":2,\"name\":\"Accueil\"}]},{\"@type\":\"WebSite\",\"@id\":\"https:\/\/o-court-pattes.fr\/#website\",\"url\":\"https:\/\/o-court-pattes.fr\/\",\"name\":\"O&#039;Court&#039;Pattes : Salon de Toilettage pr\u00e8s de Montceau-Les-Mines\",\"description\":\"\",\"publisher\":{\"@id\":\"https:\/\/o-court-pattes.fr\/#organization\"},\"potentialAction\":[{\"@type\":\"SearchAction\",\"target\":{\"@type\":\"EntryPoint\",\"urlTemplate\":\"https:\/\/o-court-pattes.fr\/?s={search_term_string}\"},\"query-input\":{\"@type\":\"PropertyValueSpecification\",\"valueRequired\":true,\"valueName\":\"search_term_string\"}}],\"inLanguage\":\"fr-FR\"},{\"@type\":\"Organization\",\"@id\":\"https:\/\/o-court-pattes.fr\/#organization\",\"name\":\"O&#039;Court&#039;Pattes : Salon de Toilettage pr\u00e8s de Montceau-Les-Mines\",\"url\":\"https:\/\/o-court-pattes.fr\/\",\"logo\":{\"@type\":\"ImageObject\",\"inLanguage\":\"fr-FR\",\"@id\":\"https:\/\/o-court-pattes.fr\/#\/schema\/logo\/image\/\",\"url\":\"https:\/\/o-court-pattes.fr\/wp-content\/uploads\/2022\/04\/laptop.png\",\"contentUrl\":\"https:\/\/o-court-pattes.fr\/wp-content\/uploads\/2022\/04\/laptop.png\",\"width\":512,\"height\":512,\"caption\":\"O&#039;Court&#039;Pattes : Salon de Toilettage pr\u00e8s de Montceau-Les-Mines\"},\"image\":{\"@id\":\"https:\/\/o-court-pattes.fr\/#\/schema\/logo\/image\/\"}}]}<\/script>\n<!-- \/ Yoast SEO plugin. -->","yoast_head_json":{"title":"O'Court'Pattes : Votre Salon de Toilettage Canin \u00e0 Sanvignes-les-Mines pr\u00e8s de Montceau-les-Mines","description":"O'Court'Pattes : votre salon de toilettage canin. Services de coupe, bain et soins pour animaux pr\u00e8s de Montceau-les-Mines. R\u00e9servez en ligne pour des pattes et un poil impeccables !","robots":{"index":"index","follow":"follow","max-snippet":"max-snippet:-1","max-image-preview":"max-image-preview:large","max-video-preview":"max-video-preview:-1"},"canonical":"https:\/\/o-court-pattes.fr\/","og_locale":"fr_FR","og_type":"article","og_title":"O'Court'Pattes : Votre Salon de Toilettage Canin \u00e0 Sanvignes-les-Mines pr\u00e8s de Montceau-les-Mines","og_description":"O'Court'Pattes : votre salon de toilettage canin. Services de coupe, bain et soins pour animaux pr\u00e8s de Montceau-les-Mines. R\u00e9servez en ligne pour des pattes et un poil impeccables !","og_url":"https:\/\/o-court-pattes.fr\/","og_site_name":"O&#039;Court&#039;Pattes : Salon de Toilettage pr\u00e8s de Montceau-Les-Mines","article_modified_time":"2025-11-23T22:20:03+00:00","og_image":[{"url":"http:\/\/o-court-pattes.fr\/wp-content\/uploads\/2025\/11\/Gemini_Generated_Image_irqsceirqsceirqs.png","type":"","width":"","height":""}],"twitter_card":"summary_large_image","twitter_misc":{"Dur\u00e9e de lecture estim\u00e9e":"2 minutes"},"schema":{"@context":"https:\/\/schema.org","@graph":[{"@type":"WebPage","@id":"https:\/\/o-court-pattes.fr\/","url":"https:\/\/o-court-pattes.fr\/","name":"O'Court'Pattes : Votre Salon de Toilettage Canin \u00e0 Sanvignes-les-Mines pr\u00e8s de Montceau-les-Mines","isPartOf":{"@id":"https:\/\/o-court-pattes.fr\/#website"},"primaryImageOfPage":{"@id":"https:\/\/o-court-pattes.fr\/#primaryimage"},"image":{"@id":"https:\/\/o-court-pattes.fr\/#primaryimage"},"thumbnailUrl":"http:\/\/o-court-pattes.fr\/wp-content\/uploads\/2025\/11\/Gemini_Generated_Image_irqsceirqsceirqs.png","datePublished":"2025-11-07T19:30:51+00:00","dateModified":"2025-11-23T22:20:03+00:00","description":"O'Court'Pattes : votre salon de toilettage canin. Services de coupe, bain et soins pour animaux pr\u00e8s de Montceau-les-Mines. R\u00e9servez en ligne pour des pattes et un poil impeccables !","breadcrumb":{"@id":"https:\/\/o-court-pattes.fr\/#breadcrumb"},"inLanguage":"fr-FR","potentialAction":[{"@type":"ReadAction","target":["https:\/\/o-court-pattes.fr\/"]}]},{"@type":"ImageObject","inLanguage":"fr-FR","@id":"https:\/\/o-court-pattes.fr\/#primaryimage","url":"http:\/\/o-court-pattes.fr\/wp-content\/uploads\/2025\/11\/Gemini_Generated_Image_irqsceirqsceirqs.png","contentUrl":"http:\/\/o-court-pattes.fr\/wp-content\/uploads\/2025\/11\/Gemini_Generated_Image_irqsceirqsceirqs.png"},{"@type":"BreadcrumbList","@id":"https:\/\/o-court-pattes.fr\/#breadcrumb","itemListElement":[{"@type":"ListItem","position":1,"name":"Accueil","item":"https:\/\/o-court-pattes.fr\/"},{"@type":"ListItem","position":2,"name":"Accueil"}]},{"@type":"WebSite","@id":"https:\/\/o-court-pattes.fr\/#website","url":"https:\/\/o-court-pattes.fr\/","name":"O&#039;Court&#039;Pattes : Salon de Toilettage pr\u00e8s de Montceau-Les-Mines","description":"","publisher":{"@id":"https:\/\/o-court-pattes.fr\/#organization"},"potentialAction":[{"@type":"SearchAction","target":{"@type":"EntryPoint","urlTemplate":"https:\/\/o-court-pattes.fr\/?s={search_term_string}"},"query-input":{"@type":"PropertyValueSpecification","valueRequired":true,"valueName":"search_term_string"}}],"inLanguage":"fr-FR"},{"@type":"Organization","@id":"https:\/\/o-court-pattes.fr\/#organization","name":"O&#039;Court&#039;Pattes : Salon de Toilettage pr\u00e8s de Montceau-Les-Mines","url":"https:\/\/o-court-pattes.fr\/","logo":{"@type":"ImageObject","inLanguage":"fr-FR","@id":"https:\/\/o-court-pattes.fr\/#\/schema\/logo\/image\/","url":"https:\/\/o-court-pattes.fr\/wp-content\/uploads\/2022\/04\/laptop.png","contentUrl":"https:\/\/o-court-pattes.fr\/wp-content\/uploads\/2022\/04\/laptop.png","width":512,"height":512,"caption":"O&#039;Court&#039;Pattes : Salon de Toilettage pr\u00e8s de Montceau-Les-Mines"},"image":{"@id":"https:\/\/o-court-pattes.fr\/#\/schema\/logo\/image\/"}}]}},"_links":{"self":[{"href":"https:\/\/o-court-pattes.fr\/index.php\/wp-json\/wp\/v2\/pages\/421","targetHints":{"allow":["GET"]}}],"collection":[{"href":"https:\/\/o-court-pattes.fr\/index.php\/wp-json\/wp\/v2\/pages"}],"about":[{"href":"https:\/\/o-court-pattes.fr\/index.php\/wp-json\/wp\/v2\/types\/page"}],"author":[{"embeddable":true,"href":"https:\/\/o-court-pattes.fr\/index.php\/wp-json\/wp\/v2\/users\/1"}],"replies":[{"embeddable":true,"href":"https:\/\/o-court-pattes.fr\/index.php\/wp-json\/wp\/v2\/comments?post=421"}],"version-history":[{"count":24,"href":"https:\/\/o-court-pattes.fr\/index.php\/wp-json\/wp\/v2\/pages\/421\/revisions"}],"predecessor-version":[{"id":635,"href":"https:\/\/o-court-pattes.fr\/index.php\/wp-json\/wp\/v2\/pages\/421\/revisions\/635"}],"wp:attachment":[{"href":"https:\/\/o-court-pattes.fr\/index.php\/wp-json\/wp\/v2\/media?parent=421"}],"curies":[{"name":"wp","href":"https:\/\/api.w.org\/{rel}","templated":true}]}}