{"id":427,"date":"2025-11-07T20:21:50","date_gmt":"2025-11-07T19:21:50","guid":{"rendered":"https:\/\/o-court-pattes.fr\/?page_id=427"},"modified":"2025-11-09T22:30:44","modified_gmt":"2025-11-09T21:30:44","slug":"mentions-legales-cgv","status":"publish","type":"page","link":"https:\/\/o-court-pattes.fr\/index.php\/mentions-legales-cgv\/","title":{"rendered":"Mentions L\u00e9gales"},"content":{"rendered":"\t\t<div data-elementor-type=\"wp-page\" data-elementor-id=\"427\" class=\"elementor elementor-427\">\n\t\t\t\t<div class=\"elementor-element elementor-element-5ae98c39 e-flex e-con-boxed e-con e-parent\" data-id=\"5ae98c39\" data-element_type=\"container\">\n\t\t\t\t\t<div class=\"e-con-inner\">\n\t\t\t\t<div class=\"elementor-element elementor-element-4820c80c elementor-widget elementor-widget-text-editor\" data-id=\"4820c80c\" data-element_type=\"widget\" data-widget_type=\"text-editor.default\">\n\t\t\t\t\t\t\t\t\t<div class=\"ocp-legal-container\" style=\"max-width: 100%; overflow-x: hidden; background-color: #f7f5e9; padding: 20px 10px; border-radius: 8px; line-height: 1.6;\">\n<h1 style=\"text-align: center; color: #1a4363; font-size: 2.2em; padding-bottom: 0; margin-bottom: 0;\">Mentions L\u00e9gales<\/h1>\n<div style=\"display: flex; width: 60%; max-width: 300px; margin: 10px auto 40px auto; height: 10px; border-radius: 5px; overflow: hidden;\">\n<div style=\"flex: 1; background-color: #1a4363;\">&nbsp;<\/div>\n<div style=\"flex: 1; background-color: #ffd260;\">&nbsp;<\/div>\n<\/div>\n<section style=\"margin-bottom: 40px; padding: 20px; background-color: #ffffff; border-radius: 12px; border-left: 5px solid #1A4363; box-shadow: 0 4px 10px rgba(0, 0, 0, 0.05);\">\n<h2 style=\"color: #1a4363; margin-top: 0; font-size: 1.8em; border-bottom: 1px dashed #ddd; padding-bottom: 10px;\">1. Identification de l&rsquo;\u00c9diteur du Site<\/h2>\n<p style=\"font-size: 0.95em; color: #555;\">Conform\u00e9ment \u00e0 l\u2019article 6 de la loi n\u00b0 2004-575 du 21 juin 2004 pour la confiance dans l\u2019\u00e9conomie num\u00e9rique (LCEN), l\u2019identit\u00e9 de l\u2019\u00e9diteur du site est pr\u00e9cis\u00e9e ci-dessous.<\/p>\n<div style=\"overflow-x: auto; margin-top: 20px;\">\n<table style=\"width: 100%; min-width: 400px; border-collapse: collapse;\">\n<tbody style=\"font-size: 0.95em;\">\n<tr style=\"background-color: #f7f5e9;\">\n<td style=\"padding: 8px; border: 1px solid #ddd; font-weight: bold; width: 40%;\">Nom et Pr\u00e9nom (\u00c9diteur)<\/td>\n<td style=\"padding: 8px; border: 1px solid #ddd;\">Durand Christophe<\/td>\n<\/tr>\n<tr>\n<td style=\"padding: 8px; border: 1px solid #ddd; font-weight: bold;\">Nom Commercial \/ Enseigne<\/td>\n<td style=\"padding: 8px; border: 1px solid #ddd;\">O court pattes<\/td>\n<\/tr>\n<tr style=\"background-color: #f7f5e9;\">\n<td style=\"padding: 8px; border: 1px solid #ddd; font-weight: bold;\">Forme Juridique<\/td>\n<td style=\"padding: 8px; border: 1px solid #ddd;\">Entrepreneur Individuel<\/td>\n<\/tr>\n<tr>\n<td style=\"padding: 8px; border: 1px solid #ddd; font-weight: bold;\">Adresse du Si\u00e8ge Social<\/td>\n<td style=\"padding: 8px; border: 1px solid #ddd;\">3 B RUE LEON BLUM, 71410 SANVIGNES-LES-MINES<\/td>\n<\/tr>\n<tr style=\"background-color: #f7f5e9;\">\n<td style=\"padding: 8px; border: 1px solid #ddd; font-weight: bold;\">Num\u00e9ro SIREN<\/td>\n<td style=\"padding: 8px; border: 1px solid #ddd;\">443 423 587<\/td>\n<\/tr>\n<tr>\n<td style=\"padding: 8px; border: 1px solid #ddd; font-weight: bold;\">Code APE \/ Activit\u00e9<\/td>\n<td style=\"padding: 8px; border: 1px solid #ddd;\">9609Z \u2013 Autres services personnels n.c.a.<\/td>\n<\/tr>\n<tr style=\"background-color: #f7f5e9;\">\n<td style=\"padding: 8px; border: 1px solid #ddd; font-weight: bold;\">Num\u00e9ro de TVA Intracommunautaire<\/td>\n<td style=\"padding: 8px; border: 1px solid #ddd;\">FR66443423587<\/td>\n<\/tr>\n<tr>\n<td style=\"padding: 8px; border: 1px solid #ddd; font-weight: bold;\">Directeur de la publication<\/td>\n<td style=\"padding: 8px; border: 1px solid #ddd;\">Durand Christophe<\/td>\n<\/tr>\n<tr style=\"background-color: #f7f5e9;\">\n<td style=\"padding: 8px; border: 1px solid #ddd; font-weight: bold;\">Contact T\u00e9l\u00e9phone<\/td>\n<td style=\"padding: 8px; border: 1px solid #ddd;\"><a style=\"color: #1a4363;\" href=\"tel:0699700509\">06 99 70 05 09<\/a><\/td>\n<\/tr>\n<\/tbody>\n<\/table>\n<\/div>\n<h3 style=\"color: #1a4363; margin-top: 30px; font-size: 1.4em;\">H\u00e9bergement<\/h3>\n<p style=\"font-size: 0.95em;\">Le site est h\u00e9berg\u00e9 par la soci\u00e9t\u00e9 OVHcloud, SAS au capital de 10 174 560 \u20ac, dont le si\u00e8ge social est situ\u00e9 2 rue Kellermann \u2013 59100 Roubaix \u2013 France, joignable par t\u00e9l\u00e9phone au 1007.<\/p>\n<\/section>\n<section style=\"margin-bottom: 40px; padding: 20px; background-color: #ffd260; border-radius: 12px; border-left: 5px solid #1A4363; box-shadow: 0 4px 10px rgba(0, 0, 0, 0.05);\">\n<h3 style=\"color: #1a4363; margin-top: 0; font-size: 1.4em;\">Politique de Donn\u00e9es Personnelles<\/h3>\n<p style=\"font-size: 0.95em;\">O court pattes informe ses utilisateurs que ce site n&rsquo;effectue aucune collecte de donn\u00e9es personnelles (pas de formulaires de contact, pas de compte utilisateur). Le site est purement informatif.<\/p>\n<\/section>\n<section style=\"margin-bottom: 40px; padding: 20px; background-color: #ffffff; border-radius: 12px; border-left: 5px solid #FFD260; box-shadow: 0 4px 10px rgba(0, 0, 0, 0.05);\">\n<h2 style=\"color: #1a4363; margin-top: 0; font-size: 1.8em; border-bottom: 1px dashed #ddd; padding-bottom: 10px;\">2. Propri\u00e9t\u00e9 Intellectuelle<\/h2>\n<p style=\"font-size: 0.95em;\">L\u2019ensemble de ce site (y compris les textes, les photos des prestations, la structure, les logos et la d\u00e9nomination O court pattes) est prot\u00e9g\u00e9 par la l\u00e9gislation fran\u00e7aise et internationale sur le droit d\u2019auteur et la propri\u00e9t\u00e9 intellectuelle.<\/p>\n<blockquote style=\"margin: 15px 0; padding: 15px; border-left: 4px solid #1A4363; background-color: #f0f0f0; font-style: italic; font-size: 0.9em;\">\n<p>Toute reproduction, repr\u00e9sentation, modification, publication, adaptation de tout ou partie des \u00e9l\u00e9ments du site, quel que soit le moyen ou le proc\u00e9d\u00e9 utilis\u00e9, est formellement interdite sans l\u2019autorisation \u00e9crite pr\u00e9alable de Durand Christophe.<\/p>\n<\/blockquote>\n<\/section>\n<\/div>\t\t\t\t\t\t\t\t<\/div>\n\t\t\t\t\t<\/div>\n\t\t\t\t<\/div>\n\t\t\t\t<\/div>\n\t\t","protected":false},"excerpt":{"rendered":"<p>Mentions L\u00e9gales &nbsp; &nbsp; 1. Identification de l&rsquo;\u00c9diteur du Site Conform\u00e9ment \u00e0 l\u2019article 6 de la loi n\u00b0 2004-575 du 21 juin 2004 pour la confiance dans l\u2019\u00e9conomie num\u00e9rique (LCEN), l\u2019identit\u00e9 de l\u2019\u00e9diteur du site est pr\u00e9cis\u00e9e ci-dessous. Nom et Pr\u00e9nom (\u00c9diteur) Durand Christophe Nom Commercial \/ Enseigne O court pattes Forme Juridique Entrepreneur Individuel&hellip;&nbsp;<a href=\"https:\/\/o-court-pattes.fr\/index.php\/mentions-legales-cgv\/\" rel=\"bookmark\"><span class=\"screen-reader-text\">Mentions L\u00e9gales<\/span><\/a><\/p>\n","protected":false},"author":1,"featured_media":0,"parent":0,"menu_order":0,"comment_status":"closed","ping_status":"closed","template":"","meta":{"neve_meta_sidebar":"","neve_meta_container":"","neve_meta_enable_content_width":"","neve_meta_content_width":0,"neve_meta_title_alignment":"","neve_meta_author_avatar":"","neve_post_elements_order":"","neve_meta_disable_header":"","neve_meta_disable_footer":"","neve_meta_disable_title":"","_themeisle_gutenberg_block_has_review":false,"footnotes":""},"class_list":["post-427","page","type-page","status-publish","hentry"],"yoast_head":"<!-- This site is optimized with the Yoast SEO plugin v26.3 - https:\/\/yoast.com\/wordpress\/plugins\/seo\/ -->\n<title>Mentions L\u00e9gales et Politique de Confidentialit\u00e9 - O court pattes<\/title>\n<meta name=\"robots\" content=\"index, follow, max-snippet:-1, max-image-preview:large, max-video-preview:-1\" \/>\n<link rel=\"canonical\" href=\"https:\/\/o-court-pattes.fr\/index.php\/mentions-legales-cgv\/\" \/>\n<meta property=\"og:locale\" content=\"fr_FR\" \/>\n<meta property=\"og:type\" content=\"article\" \/>\n<meta property=\"og:title\" content=\"Mentions L\u00e9gales et Politique de Confidentialit\u00e9 - O court pattes\" \/>\n<meta property=\"og:description\" content=\"Mentions L\u00e9gales &nbsp; &nbsp; 1. Identification de l&rsquo;\u00c9diteur du Site Conform\u00e9ment \u00e0 l\u2019article 6 de la loi n\u00b0 2004-575 du 21 juin 2004 pour la confiance dans l\u2019\u00e9conomie num\u00e9rique (LCEN), l\u2019identit\u00e9 de l\u2019\u00e9diteur du site est pr\u00e9cis\u00e9e ci-dessous. Nom et Pr\u00e9nom (\u00c9diteur) Durand Christophe Nom Commercial \/ Enseigne O court pattes Forme Juridique Entrepreneur Individuel&hellip;&nbsp;Mentions L\u00e9gales\" \/>\n<meta property=\"og:url\" content=\"https:\/\/o-court-pattes.fr\/index.php\/mentions-legales-cgv\/\" \/>\n<meta property=\"og:site_name\" content=\"O&#039;Court&#039;Pattes : Salon de Toilettage pr\u00e8s de Montceau-Les-Mines\" \/>\n<meta property=\"article:modified_time\" content=\"2025-11-09T21:30:44+00:00\" \/>\n<meta name=\"twitter:card\" content=\"summary_large_image\" \/>\n<meta name=\"twitter:label1\" content=\"Dur\u00e9e de lecture estim\u00e9e\" \/>\n\t<meta name=\"twitter:data1\" content=\"2 minutes\" \/>\n<script type=\"application\/ld+json\" class=\"yoast-schema-graph\">{\"@context\":\"https:\/\/schema.org\",\"@graph\":[{\"@type\":\"WebPage\",\"@id\":\"https:\/\/o-court-pattes.fr\/index.php\/mentions-legales-cgv\/\",\"url\":\"https:\/\/o-court-pattes.fr\/index.php\/mentions-legales-cgv\/\",\"name\":\"Mentions L\u00e9gales et Politique de Confidentialit\u00e9 - O court pattes\",\"isPartOf\":{\"@id\":\"https:\/\/o-court-pattes.fr\/#website\"},\"datePublished\":\"2025-11-07T19:21:50+00:00\",\"dateModified\":\"2025-11-09T21:30:44+00:00\",\"breadcrumb\":{\"@id\":\"https:\/\/o-court-pattes.fr\/index.php\/mentions-legales-cgv\/#breadcrumb\"},\"inLanguage\":\"fr-FR\",\"potentialAction\":[{\"@type\":\"ReadAction\",\"target\":[\"https:\/\/o-court-pattes.fr\/index.php\/mentions-legales-cgv\/\"]}]},{\"@type\":\"BreadcrumbList\",\"@id\":\"https:\/\/o-court-pattes.fr\/index.php\/mentions-legales-cgv\/#breadcrumb\",\"itemListElement\":[{\"@type\":\"ListItem\",\"position\":1,\"name\":\"Accueil\",\"item\":\"https:\/\/o-court-pattes.fr\/\"},{\"@type\":\"ListItem\",\"position\":2,\"name\":\"Mentions L\u00e9gales\"}]},{\"@type\":\"WebSite\",\"@id\":\"https:\/\/o-court-pattes.fr\/#website\",\"url\":\"https:\/\/o-court-pattes.fr\/\",\"name\":\"O&#039;Court&#039;Pattes : Salon de Toilettage pr\u00e8s de Montceau-Les-Mines\",\"description\":\"\",\"publisher\":{\"@id\":\"https:\/\/o-court-pattes.fr\/#organization\"},\"potentialAction\":[{\"@type\":\"SearchAction\",\"target\":{\"@type\":\"EntryPoint\",\"urlTemplate\":\"https:\/\/o-court-pattes.fr\/?s={search_term_string}\"},\"query-input\":{\"@type\":\"PropertyValueSpecification\",\"valueRequired\":true,\"valueName\":\"search_term_string\"}}],\"inLanguage\":\"fr-FR\"},{\"@type\":\"Organization\",\"@id\":\"https:\/\/o-court-pattes.fr\/#organization\",\"name\":\"O&#039;Court&#039;Pattes : Salon de Toilettage pr\u00e8s de Montceau-Les-Mines\",\"url\":\"https:\/\/o-court-pattes.fr\/\",\"logo\":{\"@type\":\"ImageObject\",\"inLanguage\":\"fr-FR\",\"@id\":\"https:\/\/o-court-pattes.fr\/#\/schema\/logo\/image\/\",\"url\":\"https:\/\/o-court-pattes.fr\/wp-content\/uploads\/2022\/04\/laptop.png\",\"contentUrl\":\"https:\/\/o-court-pattes.fr\/wp-content\/uploads\/2022\/04\/laptop.png\",\"width\":512,\"height\":512,\"caption\":\"O&#039;Court&#039;Pattes : Salon de Toilettage pr\u00e8s de Montceau-Les-Mines\"},\"image\":{\"@id\":\"https:\/\/o-court-pattes.fr\/#\/schema\/logo\/image\/\"}}]}<\/script>\n<!-- \/ Yoast SEO plugin. -->","yoast_head_json":{"title":"Mentions L\u00e9gales et Politique de Confidentialit\u00e9 - O court pattes","robots":{"index":"index","follow":"follow","max-snippet":"max-snippet:-1","max-image-preview":"max-image-preview:large","max-video-preview":"max-video-preview:-1"},"canonical":"https:\/\/o-court-pattes.fr\/index.php\/mentions-legales-cgv\/","og_locale":"fr_FR","og_type":"article","og_title":"Mentions L\u00e9gales et Politique de Confidentialit\u00e9 - O court pattes","og_description":"Mentions L\u00e9gales &nbsp; &nbsp; 1. Identification de l&rsquo;\u00c9diteur du Site Conform\u00e9ment \u00e0 l\u2019article 6 de la loi n\u00b0 2004-575 du 21 juin 2004 pour la confiance dans l\u2019\u00e9conomie num\u00e9rique (LCEN), l\u2019identit\u00e9 de l\u2019\u00e9diteur du site est pr\u00e9cis\u00e9e ci-dessous. Nom et Pr\u00e9nom (\u00c9diteur) Durand Christophe Nom Commercial \/ Enseigne O court pattes Forme Juridique Entrepreneur Individuel&hellip;&nbsp;Mentions L\u00e9gales","og_url":"https:\/\/o-court-pattes.fr\/index.php\/mentions-legales-cgv\/","og_site_name":"O&#039;Court&#039;Pattes : Salon de Toilettage pr\u00e8s de Montceau-Les-Mines","article_modified_time":"2025-11-09T21:30:44+00:00","twitter_card":"summary_large_image","twitter_misc":{"Dur\u00e9e de lecture estim\u00e9e":"2 minutes"},"schema":{"@context":"https:\/\/schema.org","@graph":[{"@type":"WebPage","@id":"https:\/\/o-court-pattes.fr\/index.php\/mentions-legales-cgv\/","url":"https:\/\/o-court-pattes.fr\/index.php\/mentions-legales-cgv\/","name":"Mentions L\u00e9gales et Politique de Confidentialit\u00e9 - O court pattes","isPartOf":{"@id":"https:\/\/o-court-pattes.fr\/#website"},"datePublished":"2025-11-07T19:21:50+00:00","dateModified":"2025-11-09T21:30:44+00:00","breadcrumb":{"@id":"https:\/\/o-court-pattes.fr\/index.php\/mentions-legales-cgv\/#breadcrumb"},"inLanguage":"fr-FR","potentialAction":[{"@type":"ReadAction","target":["https:\/\/o-court-pattes.fr\/index.php\/mentions-legales-cgv\/"]}]},{"@type":"BreadcrumbList","@id":"https:\/\/o-court-pattes.fr\/index.php\/mentions-legales-cgv\/#breadcrumb","itemListElement":[{"@type":"ListItem","position":1,"name":"Accueil","item":"https:\/\/o-court-pattes.fr\/"},{"@type":"ListItem","position":2,"name":"Mentions L\u00e9gales"}]},{"@type":"WebSite","@id":"https:\/\/o-court-pattes.fr\/#website","url":"https:\/\/o-court-pattes.fr\/","name":"O&#039;Court&#039;Pattes : Salon de Toilettage pr\u00e8s de Montceau-Les-Mines","description":"","publisher":{"@id":"https:\/\/o-court-pattes.fr\/#organization"},"potentialAction":[{"@type":"SearchAction","target":{"@type":"EntryPoint","urlTemplate":"https:\/\/o-court-pattes.fr\/?s={search_term_string}"},"query-input":{"@type":"PropertyValueSpecification","valueRequired":true,"valueName":"search_term_string"}}],"inLanguage":"fr-FR"},{"@type":"Organization","@id":"https:\/\/o-court-pattes.fr\/#organization","name":"O&#039;Court&#039;Pattes : Salon de Toilettage pr\u00e8s de Montceau-Les-Mines","url":"https:\/\/o-court-pattes.fr\/","logo":{"@type":"ImageObject","inLanguage":"fr-FR","@id":"https:\/\/o-court-pattes.fr\/#\/schema\/logo\/image\/","url":"https:\/\/o-court-pattes.fr\/wp-content\/uploads\/2022\/04\/laptop.png","contentUrl":"https:\/\/o-court-pattes.fr\/wp-content\/uploads\/2022\/04\/laptop.png","width":512,"height":512,"caption":"O&#039;Court&#039;Pattes : Salon de Toilettage pr\u00e8s de Montceau-Les-Mines"},"image":{"@id":"https:\/\/o-court-pattes.fr\/#\/schema\/logo\/image\/"}}]}},"_links":{"self":[{"href":"https:\/\/o-court-pattes.fr\/index.php\/wp-json\/wp\/v2\/pages\/427","targetHints":{"allow":["GET"]}}],"collection":[{"href":"https:\/\/o-court-pattes.fr\/index.php\/wp-json\/wp\/v2\/pages"}],"about":[{"href":"https:\/\/o-court-pattes.fr\/index.php\/wp-json\/wp\/v2\/types\/page"}],"author":[{"embeddable":true,"href":"https:\/\/o-court-pattes.fr\/index.php\/wp-json\/wp\/v2\/users\/1"}],"replies":[{"embeddable":true,"href":"https:\/\/o-court-pattes.fr\/index.php\/wp-json\/wp\/v2\/comments?post=427"}],"version-history":[{"count":11,"href":"https:\/\/o-court-pattes.fr\/index.php\/wp-json\/wp\/v2\/pages\/427\/revisions"}],"predecessor-version":[{"id":601,"href":"https:\/\/o-court-pattes.fr\/index.php\/wp-json\/wp\/v2\/pages\/427\/revisions\/601"}],"wp:attachment":[{"href":"https:\/\/o-court-pattes.fr\/index.php\/wp-json\/wp\/v2\/media?parent=427"}],"curies":[{"name":"wp","href":"https:\/\/api.w.org\/{rel}","templated":true}]}}