{"id":446,"date":"2025-11-07T20:51:09","date_gmt":"2025-11-07T19:51:09","guid":{"rendered":"https:\/\/o-court-pattes.fr\/?page_id=446"},"modified":"2025-11-23T20:32:33","modified_gmt":"2025-11-23T19:32:33","slug":"prenez-rendez-vous","status":"publish","type":"page","link":"https:\/\/o-court-pattes.fr\/index.php\/prenez-rendez-vous\/","title":{"rendered":"Prendre rendez-vous"},"content":{"rendered":"\t\t<div data-elementor-type=\"wp-page\" data-elementor-id=\"446\" class=\"elementor elementor-446\">\n\t\t\t\t<div class=\"elementor-element elementor-element-4141104 e-flex e-con-boxed e-con e-parent\" data-id=\"4141104\" data-element_type=\"container\">\n\t\t\t\t\t<div class=\"e-con-inner\">\n\t\t\t\t<div class=\"elementor-element elementor-element-0dbf467 elementor-widget elementor-widget-text-editor\" data-id=\"0dbf467\" data-element_type=\"widget\" data-widget_type=\"text-editor.default\">\n\t\t\t\t\t\t\t\t\t<div class=\"ocp-contact-container\" style=\"max-width: 100%; overflow-x: hidden; background-color: #f7f5e9; padding: 20px 10px; border-radius: 8px;\">\n<h2 style=\"text-align: center; color: #1a4363; font-size: 2.2em; border-bottom: none; padding-bottom: 0; margin-bottom: 0;\">Prenez Rendez-vous d\u00e8s Aujourd&rsquo;hui !<\/h2>\n<div style=\"display: flex; width: 60%; max-width: 300px; margin: 10px auto 40px auto; height: 10px; border-radius: 5px; overflow: hidden;\">\n<div style=\"flex: 1; background-color: #1a4363;\"><\/div>\n<div style=\"flex: 1; background-color: #ffd260;\"><\/div>\n<\/div>\n<div style=\"display: flex; flex-wrap: wrap; justify-content: space-around; gap: 25px; margin-top: 30px;\"><section style=\"flex-basis: 45%; min-width: 300px; max-width: 100%; padding: 25px; background-color: #ffffff; border-radius: 12px; border-left: 5px solid #1A4363; box-shadow: 0 6px 15px rgba(0, 0, 0, 0.1);\">\n<h3 style=\"color: #1a4363; margin-top: 0; font-size: 1.6em;\"><img decoding=\"async\" class=\"emoji\" role=\"img\" draggable=\"false\" src=\"https:\/\/s.w.org\/images\/core\/emoji\/16.0.1\/svg\/1f4de.svg\" alt=\"\ud83d\udcde\" \/> Contact Direct<\/h3>\n<p style=\"font-size: 1.1em; line-height: 1.6;\"><strong style=\"display: block; margin-bottom: 5px;\">T\u00e9l\u00e9phone :<\/strong>\n<a style=\"color: #1a4363; font-weight: bold; text-decoration: none; font-size: 1.4em;\" href=\"tel:0699700509\">06 99 70 05 09<\/a><\/p>\n<p style=\"margin-top: 20px; font-style: italic; border-top: 1px dashed #ddd; padding-top: 10px;\">N&rsquo;h\u00e9sitez pas \u00e0 nous appeler pendant les heures d&rsquo;ouverture pour un rendez-vous rapide !<\/p>\n\n<\/section><section style=\"flex-basis: 45%; min-width: 300px; max-width: 100%; padding: 25px; background-color: #ffffff; border-radius: 12px; border-left: 5px solid #1A4363; box-shadow: 0 6px 15px rgba(0, 0, 0, 0.1);\">\n<h3 style=\"color: #1a4363; margin-top: 0; font-size: 1.6em;\"><img decoding=\"async\" class=\"emoji\" role=\"img\" draggable=\"false\" src=\"https:\/\/s.w.org\/images\/core\/emoji\/16.0.1\/svg\/1f3e0.svg\" alt=\"\ud83c\udfe0\" \/> Notre Adresse<\/h3>\n<p style=\"font-size: 1.1em; line-height: 1.6;\"><strong style=\"display: block; margin-bottom: 5px;\">O&rsquo;Court&rsquo;Pattes<\/strong>\n3 Bis Rue L\u00e9on Blum\n71410 Sanvignes-les-Mines<\/p>\n<p style=\"margin-top: 20px;\"><a style=\"display: inline-block; background-color: #ffd260; color: #1a4363; padding: 12px 18px; text-decoration: none; border-radius: 8px; font-weight: bold; transition: background-color 0.3s;\" href=\"https:\/\/www.google.com\/maps\/search\/?api=1&amp;query=3+Bis+Rue+L\u00e9on+Blum,+71410+Sanvignes-les-Mines\" target=\"_blank\" rel=\"noopener\">\nVoir sur la carte <img decoding=\"async\" class=\"emoji\" role=\"img\" draggable=\"false\" src=\"https:\/\/s.w.org\/images\/core\/emoji\/16.0.1\/svg\/1f5fa.svg\" alt=\"\ud83d\uddfa\ufe0f\" \/>\n<\/a><\/p>\n\n<\/section><\/div>\n\n<hr style=\"border: 0; height: 1px; background-image: linear-gradient(to right, rgba(26, 67, 99, 0), rgba(26, 67, 99, 0.75), rgba(26, 67, 99, 0)); margin: 40px 0;\" \/>\n\n<section style=\"padding: 20px; background-color: #ffffff; border-radius: 12px; box-shadow: 0 6px 15px rgba(0, 0, 0, 0.05); border: 1px solid #ddd;\">\n<h3 style=\"text-align: center; color: #1a4363; margin-bottom: 25px; font-size: 1.6em;\"><img decoding=\"async\" class=\"emoji\" role=\"img\" draggable=\"false\" src=\"https:\/\/s.w.org\/images\/core\/emoji\/16.0.1\/svg\/23f1.svg\" alt=\"\u23f1\ufe0f\" \/> Horaires d&rsquo;Ouverture<\/h3>\n<div style=\"overflow-x: auto;\">\n<table style=\"width: 100%; max-width: 600px; margin: 15px auto; border-collapse: collapse; min-width: 400px;\">\n<thead>\n<tr style=\"background-color: #1a4363; color: #f7f5e9;\">\n<th style=\"padding: 12px; border: 1px solid #ddd;\">Jour<\/th>\n<th style=\"padding: 12px; border: 1px solid #ddd;\">Matin<\/th>\n<th style=\"padding: 12px; border: 1px solid #ddd;\">Apr\u00e8s-midi<\/th>\n<\/tr>\n<\/thead>\n<tbody>\n<tr>\n<td style=\"padding: 10px; border: 1px solid #ddd; font-weight: bold;\">Lundi<\/td>\n<td style=\"padding: 10px; border: 1px solid #ddd;\">08h30 \u2013 12h00<\/td>\n<td style=\"padding: 10px; border: 1px solid #ddd;\">14h00 \u2013 17h00<\/td>\n<\/tr>\n<tr>\n<td style=\"padding: 10px; border: 1px solid #ddd; font-weight: bold;\">Mardi<\/td>\n<td style=\"padding: 10px; border: 1px solid #ddd;\">08h30 \u2013 12h00<\/td>\n<td style=\"padding: 10px; border: 1px solid #ddd;\">14h00 \u2013 17h00<\/td>\n<\/tr>\n<tr>\n<td style=\"padding: 10px; border: 1px solid #ddd; font-weight: bold; background-color: #ffd260;\">Mercredi<\/td>\n<td style=\"padding: 10px; border: 1px solid #ddd; text-align: center; background-color: #ffd260;\" colspan=\"2\">Ferm\u00e9<\/td>\n<\/tr>\n<tr>\n<td style=\"padding: 10px; border: 1px solid #ddd; font-weight: bold;\">Jeudi<\/td>\n<td style=\"padding: 10px; border: 1px solid #ddd;\">08h30 \u2013 12h00<\/td>\n<td style=\"padding: 10px; border: 1px solid #ddd;\">14h00 \u2013 17h00<\/td>\n<\/tr>\n<tr>\n<td style=\"padding: 10px; border: 1px solid #ddd; font-weight: bold;\">Vendredi<\/td>\n<td style=\"padding: 10px; border: 1px solid #ddd;\">08h30 \u2013 12h00<\/td>\n<td style=\"padding: 10px; border: 1px solid #ddd;\">14h00 \u2013 17h00<\/td>\n<\/tr>\n<tr>\n<td style=\"padding: 10px; border: 1px solid #ddd; font-weight: bold;\">Samedi<\/td>\n<td style=\"padding: 10px; border: 1px solid #ddd;\">08h30 \u2013 12h00<\/td>\n<td style=\"padding: 10px; border: 1px solid #ddd; background-color: #ffd260; text-align: center;\">Ferm\u00e9<\/td>\n<\/tr>\n<tr>\n<td style=\"padding: 10px; border: 1px solid #ddd; font-weight: bold; background-color: #ffd260;\">Dimanche<\/td>\n<td style=\"padding: 10px; border: 1px solid #ddd; text-align: center; background-color: #ffd260;\" colspan=\"2\">Ferm\u00e9<\/td>\n<\/tr>\n<\/tbody>\n<\/table>\n<\/div>\n<p style=\"text-align: center; margin-top: 25px; font-style: italic; color: #cc0000; font-size: 0.9em;\">**Attention :** Veuillez valider ces horaires par t\u00e9l\u00e9phone avant votre premi\u00e8re visite.<\/p>\n\n<\/section><\/div>\t\t\t\t\t\t\t\t<\/div>\n\t\t\t\t\t<\/div>\n\t\t\t\t<\/div>\n\t\t\t\t<\/div>\n\t\t","protected":false},"excerpt":{"rendered":"<p>Prenez Rendez-vous d\u00e8s Aujourd&rsquo;hui ! Contact Direct T\u00e9l\u00e9phone : 06 99 70 05 09 N&rsquo;h\u00e9sitez pas \u00e0 nous appeler pendant les heures d&rsquo;ouverture pour un rendez-vous rapide ! Notre Adresse O&rsquo;Court&rsquo;Pattes 3 Bis Rue L\u00e9on Blum 71410 Sanvignes-les-Mines Voir sur la carte Horaires d&rsquo;Ouverture Jour Matin Apr\u00e8s-midi Lundi 08h30 \u2013 12h00 14h00 \u2013 17h00 Mardi&hellip;&nbsp;<a href=\"https:\/\/o-court-pattes.fr\/index.php\/prenez-rendez-vous\/\" rel=\"bookmark\"><span class=\"screen-reader-text\">Prendre rendez-vous<\/span><\/a><\/p>\n","protected":false},"author":1,"featured_media":0,"parent":0,"menu_order":0,"comment_status":"closed","ping_status":"closed","template":"page-templates\/template-pagebuilder-full-width.php","meta":{"neve_meta_sidebar":"","neve_meta_container":"","neve_meta_enable_content_width":"","neve_meta_content_width":0,"neve_meta_title_alignment":"","neve_meta_author_avatar":"","neve_post_elements_order":"","neve_meta_disable_header":"","neve_meta_disable_footer":"","neve_meta_disable_title":"","_themeisle_gutenberg_block_has_review":false,"footnotes":""},"class_list":["post-446","page","type-page","status-publish","hentry"],"yoast_head":"<!-- This site is optimized with the Yoast SEO plugin v26.3 - https:\/\/yoast.com\/wordpress\/plugins\/seo\/ -->\n<title>Prendre rendez-vous - O&#039;Court&#039;Pattes : Salon de Toilettage pr\u00e8s de Montceau-Les-Mines<\/title>\n<meta name=\"robots\" content=\"index, follow, max-snippet:-1, max-image-preview:large, max-video-preview:-1\" \/>\n<link rel=\"canonical\" href=\"https:\/\/o-court-pattes.fr\/index.php\/prenez-rendez-vous\/\" \/>\n<meta property=\"og:locale\" content=\"fr_FR\" \/>\n<meta property=\"og:type\" content=\"article\" \/>\n<meta property=\"og:title\" content=\"Prendre rendez-vous - O&#039;Court&#039;Pattes : Salon de Toilettage pr\u00e8s de Montceau-Les-Mines\" \/>\n<meta property=\"og:description\" content=\"Prenez Rendez-vous d\u00e8s Aujourd&rsquo;hui ! Contact Direct T\u00e9l\u00e9phone : 06 99 70 05 09 N&rsquo;h\u00e9sitez pas \u00e0 nous appeler pendant les heures d&rsquo;ouverture pour un rendez-vous rapide ! Notre Adresse O&rsquo;Court&rsquo;Pattes 3 Bis Rue L\u00e9on Blum 71410 Sanvignes-les-Mines Voir sur la carte Horaires d&rsquo;Ouverture Jour Matin Apr\u00e8s-midi Lundi 08h30 \u2013 12h00 14h00 \u2013 17h00 Mardi&hellip;&nbsp;Prendre rendez-vous\" \/>\n<meta property=\"og:url\" content=\"https:\/\/o-court-pattes.fr\/index.php\/prenez-rendez-vous\/\" \/>\n<meta property=\"og:site_name\" content=\"O&#039;Court&#039;Pattes : Salon de Toilettage pr\u00e8s de Montceau-Les-Mines\" \/>\n<meta property=\"article:modified_time\" content=\"2025-11-23T19:32:33+00:00\" \/>\n<meta property=\"og:image\" content=\"https:\/\/s.w.org\/images\/core\/emoji\/16.0.1\/svg\/1f4de.svg\" \/>\n<meta name=\"twitter:card\" content=\"summary_large_image\" \/>\n<meta name=\"twitter:label1\" content=\"Dur\u00e9e de lecture estim\u00e9e\" \/>\n\t<meta name=\"twitter:data1\" content=\"2 minutes\" \/>\n<script type=\"application\/ld+json\" class=\"yoast-schema-graph\">{\"@context\":\"https:\/\/schema.org\",\"@graph\":[{\"@type\":\"WebPage\",\"@id\":\"https:\/\/o-court-pattes.fr\/index.php\/prenez-rendez-vous\/\",\"url\":\"https:\/\/o-court-pattes.fr\/index.php\/prenez-rendez-vous\/\",\"name\":\"Prendre rendez-vous - O&#039;Court&#039;Pattes : Salon de Toilettage pr\u00e8s de Montceau-Les-Mines\",\"isPartOf\":{\"@id\":\"https:\/\/o-court-pattes.fr\/#website\"},\"primaryImageOfPage\":{\"@id\":\"https:\/\/o-court-pattes.fr\/index.php\/prenez-rendez-vous\/#primaryimage\"},\"image\":{\"@id\":\"https:\/\/o-court-pattes.fr\/index.php\/prenez-rendez-vous\/#primaryimage\"},\"thumbnailUrl\":\"https:\/\/s.w.org\/images\/core\/emoji\/16.0.1\/svg\/1f4de.svg\",\"datePublished\":\"2025-11-07T19:51:09+00:00\",\"dateModified\":\"2025-11-23T19:32:33+00:00\",\"breadcrumb\":{\"@id\":\"https:\/\/o-court-pattes.fr\/index.php\/prenez-rendez-vous\/#breadcrumb\"},\"inLanguage\":\"fr-FR\",\"potentialAction\":[{\"@type\":\"ReadAction\",\"target\":[\"https:\/\/o-court-pattes.fr\/index.php\/prenez-rendez-vous\/\"]}]},{\"@type\":\"ImageObject\",\"inLanguage\":\"fr-FR\",\"@id\":\"https:\/\/o-court-pattes.fr\/index.php\/prenez-rendez-vous\/#primaryimage\",\"url\":\"https:\/\/s.w.org\/images\/core\/emoji\/16.0.1\/svg\/1f4de.svg\",\"contentUrl\":\"https:\/\/s.w.org\/images\/core\/emoji\/16.0.1\/svg\/1f4de.svg\"},{\"@type\":\"BreadcrumbList\",\"@id\":\"https:\/\/o-court-pattes.fr\/index.php\/prenez-rendez-vous\/#breadcrumb\",\"itemListElement\":[{\"@type\":\"ListItem\",\"position\":1,\"name\":\"Accueil\",\"item\":\"https:\/\/o-court-pattes.fr\/\"},{\"@type\":\"ListItem\",\"position\":2,\"name\":\"Prendre rendez-vous\"}]},{\"@type\":\"WebSite\",\"@id\":\"https:\/\/o-court-pattes.fr\/#website\",\"url\":\"https:\/\/o-court-pattes.fr\/\",\"name\":\"O&#039;Court&#039;Pattes : Salon de Toilettage pr\u00e8s de Montceau-Les-Mines\",\"description\":\"\",\"publisher\":{\"@id\":\"https:\/\/o-court-pattes.fr\/#organization\"},\"potentialAction\":[{\"@type\":\"SearchAction\",\"target\":{\"@type\":\"EntryPoint\",\"urlTemplate\":\"https:\/\/o-court-pattes.fr\/?s={search_term_string}\"},\"query-input\":{\"@type\":\"PropertyValueSpecification\",\"valueRequired\":true,\"valueName\":\"search_term_string\"}}],\"inLanguage\":\"fr-FR\"},{\"@type\":\"Organization\",\"@id\":\"https:\/\/o-court-pattes.fr\/#organization\",\"name\":\"O&#039;Court&#039;Pattes : Salon de Toilettage pr\u00e8s de Montceau-Les-Mines\",\"url\":\"https:\/\/o-court-pattes.fr\/\",\"logo\":{\"@type\":\"ImageObject\",\"inLanguage\":\"fr-FR\",\"@id\":\"https:\/\/o-court-pattes.fr\/#\/schema\/logo\/image\/\",\"url\":\"https:\/\/o-court-pattes.fr\/wp-content\/uploads\/2022\/04\/laptop.png\",\"contentUrl\":\"https:\/\/o-court-pattes.fr\/wp-content\/uploads\/2022\/04\/laptop.png\",\"width\":512,\"height\":512,\"caption\":\"O&#039;Court&#039;Pattes : Salon de Toilettage pr\u00e8s de Montceau-Les-Mines\"},\"image\":{\"@id\":\"https:\/\/o-court-pattes.fr\/#\/schema\/logo\/image\/\"}}]}<\/script>\n<!-- \/ Yoast SEO plugin. -->","yoast_head_json":{"title":"Prendre rendez-vous - O&#039;Court&#039;Pattes : Salon de Toilettage pr\u00e8s de Montceau-Les-Mines","robots":{"index":"index","follow":"follow","max-snippet":"max-snippet:-1","max-image-preview":"max-image-preview:large","max-video-preview":"max-video-preview:-1"},"canonical":"https:\/\/o-court-pattes.fr\/index.php\/prenez-rendez-vous\/","og_locale":"fr_FR","og_type":"article","og_title":"Prendre rendez-vous - O&#039;Court&#039;Pattes : Salon de Toilettage pr\u00e8s de Montceau-Les-Mines","og_description":"Prenez Rendez-vous d\u00e8s Aujourd&rsquo;hui ! Contact Direct T\u00e9l\u00e9phone : 06 99 70 05 09 N&rsquo;h\u00e9sitez pas \u00e0 nous appeler pendant les heures d&rsquo;ouverture pour un rendez-vous rapide ! Notre Adresse O&rsquo;Court&rsquo;Pattes 3 Bis Rue L\u00e9on Blum 71410 Sanvignes-les-Mines Voir sur la carte Horaires d&rsquo;Ouverture Jour Matin Apr\u00e8s-midi Lundi 08h30 \u2013 12h00 14h00 \u2013 17h00 Mardi&hellip;&nbsp;Prendre rendez-vous","og_url":"https:\/\/o-court-pattes.fr\/index.php\/prenez-rendez-vous\/","og_site_name":"O&#039;Court&#039;Pattes : Salon de Toilettage pr\u00e8s de Montceau-Les-Mines","article_modified_time":"2025-11-23T19:32:33+00:00","og_image":[{"url":"https:\/\/s.w.org\/images\/core\/emoji\/16.0.1\/svg\/1f4de.svg","type":"","width":"","height":""}],"twitter_card":"summary_large_image","twitter_misc":{"Dur\u00e9e de lecture estim\u00e9e":"2 minutes"},"schema":{"@context":"https:\/\/schema.org","@graph":[{"@type":"WebPage","@id":"https:\/\/o-court-pattes.fr\/index.php\/prenez-rendez-vous\/","url":"https:\/\/o-court-pattes.fr\/index.php\/prenez-rendez-vous\/","name":"Prendre rendez-vous - O&#039;Court&#039;Pattes : Salon de Toilettage pr\u00e8s de Montceau-Les-Mines","isPartOf":{"@id":"https:\/\/o-court-pattes.fr\/#website"},"primaryImageOfPage":{"@id":"https:\/\/o-court-pattes.fr\/index.php\/prenez-rendez-vous\/#primaryimage"},"image":{"@id":"https:\/\/o-court-pattes.fr\/index.php\/prenez-rendez-vous\/#primaryimage"},"thumbnailUrl":"https:\/\/s.w.org\/images\/core\/emoji\/16.0.1\/svg\/1f4de.svg","datePublished":"2025-11-07T19:51:09+00:00","dateModified":"2025-11-23T19:32:33+00:00","breadcrumb":{"@id":"https:\/\/o-court-pattes.fr\/index.php\/prenez-rendez-vous\/#breadcrumb"},"inLanguage":"fr-FR","potentialAction":[{"@type":"ReadAction","target":["https:\/\/o-court-pattes.fr\/index.php\/prenez-rendez-vous\/"]}]},{"@type":"ImageObject","inLanguage":"fr-FR","@id":"https:\/\/o-court-pattes.fr\/index.php\/prenez-rendez-vous\/#primaryimage","url":"https:\/\/s.w.org\/images\/core\/emoji\/16.0.1\/svg\/1f4de.svg","contentUrl":"https:\/\/s.w.org\/images\/core\/emoji\/16.0.1\/svg\/1f4de.svg"},{"@type":"BreadcrumbList","@id":"https:\/\/o-court-pattes.fr\/index.php\/prenez-rendez-vous\/#breadcrumb","itemListElement":[{"@type":"ListItem","position":1,"name":"Accueil","item":"https:\/\/o-court-pattes.fr\/"},{"@type":"ListItem","position":2,"name":"Prendre rendez-vous"}]},{"@type":"WebSite","@id":"https:\/\/o-court-pattes.fr\/#website","url":"https:\/\/o-court-pattes.fr\/","name":"O&#039;Court&#039;Pattes : Salon de Toilettage pr\u00e8s de Montceau-Les-Mines","description":"","publisher":{"@id":"https:\/\/o-court-pattes.fr\/#organization"},"potentialAction":[{"@type":"SearchAction","target":{"@type":"EntryPoint","urlTemplate":"https:\/\/o-court-pattes.fr\/?s={search_term_string}"},"query-input":{"@type":"PropertyValueSpecification","valueRequired":true,"valueName":"search_term_string"}}],"inLanguage":"fr-FR"},{"@type":"Organization","@id":"https:\/\/o-court-pattes.fr\/#organization","name":"O&#039;Court&#039;Pattes : Salon de Toilettage pr\u00e8s de Montceau-Les-Mines","url":"https:\/\/o-court-pattes.fr\/","logo":{"@type":"ImageObject","inLanguage":"fr-FR","@id":"https:\/\/o-court-pattes.fr\/#\/schema\/logo\/image\/","url":"https:\/\/o-court-pattes.fr\/wp-content\/uploads\/2022\/04\/laptop.png","contentUrl":"https:\/\/o-court-pattes.fr\/wp-content\/uploads\/2022\/04\/laptop.png","width":512,"height":512,"caption":"O&#039;Court&#039;Pattes : Salon de Toilettage pr\u00e8s de Montceau-Les-Mines"},"image":{"@id":"https:\/\/o-court-pattes.fr\/#\/schema\/logo\/image\/"}}]}},"_links":{"self":[{"href":"https:\/\/o-court-pattes.fr\/index.php\/wp-json\/wp\/v2\/pages\/446","targetHints":{"allow":["GET"]}}],"collection":[{"href":"https:\/\/o-court-pattes.fr\/index.php\/wp-json\/wp\/v2\/pages"}],"about":[{"href":"https:\/\/o-court-pattes.fr\/index.php\/wp-json\/wp\/v2\/types\/page"}],"author":[{"embeddable":true,"href":"https:\/\/o-court-pattes.fr\/index.php\/wp-json\/wp\/v2\/users\/1"}],"replies":[{"embeddable":true,"href":"https:\/\/o-court-pattes.fr\/index.php\/wp-json\/wp\/v2\/comments?post=446"}],"version-history":[{"count":41,"href":"https:\/\/o-court-pattes.fr\/index.php\/wp-json\/wp\/v2\/pages\/446\/revisions"}],"predecessor-version":[{"id":607,"href":"https:\/\/o-court-pattes.fr\/index.php\/wp-json\/wp\/v2\/pages\/446\/revisions\/607"}],"wp:attachment":[{"href":"https:\/\/o-court-pattes.fr\/index.php\/wp-json\/wp\/v2\/media?parent=446"}],"curies":[{"name":"wp","href":"https:\/\/api.w.org\/{rel}","templated":true}]}}